
{"id":134291,"date":"2021-06-30T10:53:56","date_gmt":"2021-06-30T08:53:56","guid":{"rendered":"https:\/\/www.hifrance.org\/angebote-fur-aufenthalte\/"},"modified":"2026-03-30T13:56:42","modified_gmt":"2026-03-30T11:56:42","slug":"angebote-fur-aufenthalte","status":"publish","type":"page","link":"https:\/\/www.hifrance.org\/de\/angebote-fur-aufenthalte\/","title":{"rendered":"Angebote f\u00fcr Aufenthalte"},"content":{"rendered":"<div class=\"wpb-content-wrapper\"><p>[vc_section full_width=&#8220;stretch_row&#8220; el_id=&#8220;sectiion_header_inte&#8220;][vc_row full_width=&#8220;stretch_row_content&#8220; equal_height=&#8220;yes&#8220; content_placement=&#8220;middle&#8220; el_id=&#8220;hero_bloc_inte&#8220;][vc_column width=&#8220;1\/2&#8243;]<picture class=\"ImgBG \" style=\"position: absolute; width: 100%; height:100%; top: 0; left:0; z-index: -2;\">\n    <img loading=\"lazy\" decoding=\"async\" width=\"1920\" height=\"1400\" src=\"https:\/\/www.hifrance.org\/wp-content\/uploads\/2025\/03\/Offres-de-sejours.jpg\" class=\"attachment-full size-full\" alt=\"s\u00e9jour pas cher\" srcset=\"https:\/\/www.hifrance.org\/wp-content\/uploads\/2025\/03\/Offres-de-sejours.jpg 1920w, https:\/\/www.hifrance.org\/wp-content\/uploads\/2025\/03\/Offres-de-sejours-780x569.jpg 780w, https:\/\/www.hifrance.org\/wp-content\/uploads\/2025\/03\/Offres-de-sejours-1481x1080.jpg 1481w, https:\/\/www.hifrance.org\/wp-content\/uploads\/2025\/03\/Offres-de-sejours-768x560.jpg 768w, https:\/\/www.hifrance.org\/wp-content\/uploads\/2025\/03\/Offres-de-sejours-1536x1120.jpg 1536w\" sizes=\"auto, (max-width: 1920px) 100vw, 1920px\" \/><\/picture>\n[\/vc_column][vc_column width=&#8220;1\/2&#8243; el_class=&#8220;hero_bloc_content&#8220;][vc_raw_html el_class=&#8220;hero_bloc_titre&#8220;]PGgxPjxzcGFuPkVudGRlY2tlbiBTaWUgdW5zZXJlIFVybGF1YnNhbmdlYm90ZTwvc3Bhbj48L2gxPg==[\/vc_raw_html][vc_column_text el_class=&#8220;hero_bloc_ss_titre&#8220;]Angebote f\u00fcr Ihren Aufenthalt am Meer, in den Bergen, in der Natur oder in den gro\u00dfen St\u00e4dten Frankreichs.<br \/>\nProfitieren Sie von unseren mit lokalen Partnern ausgehandelten Preisen und erleben Sie viele Aktivit\u00e4ten zum kleinen Preis.<br \/>\nEin Urlaub in einer Jugendherberge ist gesellig, herzlich und verantwortungsvoll![\/vc_column_text][\/vc_column][\/vc_row][\/vc_section][vc_row el_class=&#8220;padT_3&#8243;][vc_column][vc_column_text css=&#8220;&#8220;]<\/p>\n<h2><span class=\"titre_l_bleuf\">Finden Sie das aktuelle Angebot, das zu Ihnen passt<\/span><\/h2>\n<p>[\/vc_column_text][vc_raw_html]W2FyY2hpdmVfc2Vqb3VyX3NvbG9d[\/vc_raw_html][\/vc_column][\/vc_row][vc_row el_class=&#8220;padT_2&#8243;][vc_column]<div class=\"templatera_shortcode\"><div class=\"vc_row wpb_row vc_row-fluid vc_row-o-content-bottom vc_row-flex\"><div class=\"wpb_column vc_column_container vc_col-sm-9\"><div class=\"vc_column-inner\"><div class=\"wpb_wrapper\">\n\t<div class=\"wpb_text_column wpb_content_element\" >\n\t\t<div class=\"wpb_wrapper\">\n\t\t\t<p><span class=\"titre_l_bleuf\">Finden Sie den Aufenthalt, der Ihren W\u00fcnschen entspricht!<\/span><\/p>\n\n\t\t<\/div>\n\t<\/div>\n\n\t<div class=\"wpb_text_column wpb_content_element paragraphe_0 marB_0\" >\n\t\t<div class=\"wpb_wrapper\">\n\t\t\t<p>Tr\u00e4umen Sie von einem Aufenthalt, der Ihren W\u00fcnschen entspricht? Schauen Sie sich alle unsere Angebote nach Wunsch an. Meer, Berge oder Natur, die ewige Frage! Wir bieten Ihnen alle 3. Es sei denn, Sie bevorzugen eine Stadtjugendherberge, um die Sch\u00e4tze der gr\u00f6\u00dften St\u00e4dte Frankreichs zu entdecken! Und schlie\u00dflich k\u00f6nnen diejenigen, die auf der Suche nach Originalit\u00e4t sind, unsere ungew\u00f6hnlichen Unterk\u00fcnfte entdecken und diejenigen, die auf der Suche nach Engagement sind, k\u00f6nnen einen Urlaub im Zeichen des nachhaltigen Tourismus w\u00e4hlen. Jedem seine eigene Jugendherberge.<\/p>\n\n\t\t<\/div>\n\t<\/div>\n<\/div><\/div><\/div><div class=\"wpb_column vc_column_container vc_col-sm-3\"><div class=\"vc_column-inner\"><div class=\"wpb_wrapper\"><div class=' txt_droite btn_plein_orange'><a class='lien_btn' href='\/de\/nach-belieben\/' target=><span>Urlaub nach Wunsch<\/span><\/a><\/div><\/div><\/div><\/div><\/div><\/div>[\/vc_column][\/vc_row][vc_row][vc_column]<div class=\"templatera_shortcode\"><div class=\"vc_row wpb_row vc_row-fluid row_picto_bleu\"><div class=\"picto_bleu_col_img_texte_176px lien_englobant_cat wpb_column vc_column_container vc_col-sm-2\"><div class=\"vc_column-inner\"><div class=\"wpb_wrapper\"><picture class=\"ImgBG \" style=\"position: absolute; width: 100%; height:100%; top: 0; left:0; z-index: -2;\">\n    <img loading=\"lazy\" decoding=\"async\" width=\"200\" height=\"200\" src=\"https:\/\/www.hifrance.org\/wp-content\/uploads\/2020\/08\/visu_mer.jpg\" class=\"attachment-full size-full\" alt=\"\" srcset=\"https:\/\/www.hifrance.org\/wp-content\/uploads\/2020\/08\/visu_mer.jpg 200w, https:\/\/www.hifrance.org\/wp-content\/uploads\/2020\/08\/visu_mer-150x150.jpg 150w\" sizes=\"auto, (max-width: 200px) 100vw, 200px\" \/><\/picture>\n\n\t<div  class=\"wpb_single_image wpb_content_element vc_align_center wpb_content_element\">\n\t\t\n\t\t<figure class=\"wpb_wrapper vc_figure\">\n\t\t\t<div class=\"vc_single_image-wrapper   vc_box_border_grey\"><img loading=\"lazy\" decoding=\"async\" width=\"54\" height=\"39\" src=\"https:\/\/www.hifrance.org\/wp-content\/uploads\/2020\/08\/picto_mer.svg\" class=\"vc_single_image-img attachment-full\" alt=\"\" title=\"picto_mer\" \/><\/div>\n\t\t<\/figure>\n\t<\/div>\n\n\t<div class=\"wpb_text_column wpb_content_element\" >\n\t\t<div class=\"wpb_wrapper\">\n\t\t\t<p>Meer<\/p>\n\n\t\t<\/div>\n\t<\/div>\n\n\t<div class=\"wpb_raw_code wpb_raw_html wpb_content_element\" >\n\t\t<div class=\"wpb_wrapper\">\n\t\t\t<a href=\"\/de\/nach-neid\/meer\/\"><\/a>\n\t\t<\/div>\n\t<\/div>\n<\/div><\/div><\/div><div class=\"picto_bleu_col_img_texte_176px lien_englobant_cat wpb_column vc_column_container vc_col-sm-2\"><div class=\"vc_column-inner\"><div class=\"wpb_wrapper\"><picture class=\"ImgBG \" style=\"position: absolute; width: 100%; height:100%; top: 0; left:0; z-index: -2;\">\n    <img loading=\"lazy\" decoding=\"async\" width=\"200\" height=\"200\" src=\"https:\/\/www.hifrance.org\/wp-content\/uploads\/2020\/08\/visu_montagne-1.jpg\" class=\"attachment-full size-full\" alt=\"\" srcset=\"https:\/\/www.hifrance.org\/wp-content\/uploads\/2020\/08\/visu_montagne-1.jpg 200w, https:\/\/www.hifrance.org\/wp-content\/uploads\/2020\/08\/visu_montagne-1-150x150.jpg 150w\" sizes=\"auto, (max-width: 200px) 100vw, 200px\" \/><\/picture>\n\n\t<div  class=\"wpb_single_image wpb_content_element vc_align_center wpb_content_element\">\n\t\t\n\t\t<figure class=\"wpb_wrapper vc_figure\">\n\t\t\t<div class=\"vc_single_image-wrapper   vc_box_border_grey\"><img loading=\"lazy\" decoding=\"async\" width=\"60\" height=\"35\" src=\"https:\/\/www.hifrance.org\/wp-content\/uploads\/2020\/08\/picto_montagne.svg\" class=\"vc_single_image-img attachment-full\" alt=\"\" title=\"picto_montagne\" \/><\/div>\n\t\t<\/figure>\n\t<\/div>\n\n\t<div class=\"wpb_text_column wpb_content_element\" >\n\t\t<div class=\"wpb_wrapper\">\n\t\t\t<p>In den Bergen<\/p>\n\n\t\t<\/div>\n\t<\/div>\n\n\t<div class=\"wpb_raw_code wpb_raw_html wpb_content_element\" >\n\t\t<div class=\"wpb_wrapper\">\n\t\t\t<a href=\"\/de\/nach-neid\/in-den-bergen\/\"><\/a>\n\t\t<\/div>\n\t<\/div>\n<\/div><\/div><\/div><div class=\"picto_bleu_col_img_texte_176px lien_englobant_cat wpb_column vc_column_container vc_col-sm-2\"><div class=\"vc_column-inner\"><div class=\"wpb_wrapper\"><picture class=\"ImgBG \" style=\"position: absolute; width: 100%; height:100%; top: 0; left:0; z-index: -2;\">\n    <img loading=\"lazy\" decoding=\"async\" width=\"200\" height=\"200\" src=\"https:\/\/www.hifrance.org\/wp-content\/uploads\/2020\/08\/visu_nature.jpg\" class=\"attachment-full size-full\" alt=\"\" srcset=\"https:\/\/www.hifrance.org\/wp-content\/uploads\/2020\/08\/visu_nature.jpg 200w, https:\/\/www.hifrance.org\/wp-content\/uploads\/2020\/08\/visu_nature-150x150.jpg 150w\" sizes=\"auto, (max-width: 200px) 100vw, 200px\" \/><\/picture>\n\n\t<div  class=\"wpb_single_image wpb_content_element vc_align_center wpb_content_element\">\n\t\t\n\t\t<figure class=\"wpb_wrapper vc_figure\">\n\t\t\t<div class=\"vc_single_image-wrapper   vc_box_border_grey\"><img loading=\"lazy\" decoding=\"async\" width=\"45\" height=\"45\" src=\"https:\/\/www.hifrance.org\/wp-content\/uploads\/2020\/08\/picto_nature.svg\" class=\"vc_single_image-img attachment-full\" alt=\"\" title=\"picto_nature\" \/><\/div>\n\t\t<\/figure>\n\t<\/div>\n\n\t<div class=\"wpb_text_column wpb_content_element\" >\n\t\t<div class=\"wpb_wrapper\">\n\t\t\t<p>Auf dem Land<\/p>\n\n\t\t<\/div>\n\t<\/div>\n\n\t<div class=\"wpb_raw_code wpb_raw_html wpb_content_element\" >\n\t\t<div class=\"wpb_wrapper\">\n\t\t\t<a href=\"\/de\/nach-neid\/auf-dem-land\/\"><\/a>\n\t\t<\/div>\n\t<\/div>\n<\/div><\/div><\/div><div class=\"picto_bleu_col_img_texte_176px lien_englobant_cat wpb_column vc_column_container vc_col-sm-2\"><div class=\"vc_column-inner\"><div class=\"wpb_wrapper\"><picture class=\"ImgBG \" style=\"position: absolute; width: 100%; height:100%; top: 0; left:0; z-index: -2;\">\n    <img loading=\"lazy\" decoding=\"async\" width=\"200\" height=\"200\" src=\"https:\/\/www.hifrance.org\/wp-content\/uploads\/2020\/08\/visu_citadine-1.jpg\" class=\"attachment-full size-full\" alt=\"\" srcset=\"https:\/\/www.hifrance.org\/wp-content\/uploads\/2020\/08\/visu_citadine-1.jpg 200w, https:\/\/www.hifrance.org\/wp-content\/uploads\/2020\/08\/visu_citadine-1-150x150.jpg 150w\" sizes=\"auto, (max-width: 200px) 100vw, 200px\" \/><\/picture>\n\n\t<div  class=\"wpb_single_image wpb_content_element vc_align_center wpb_content_element\">\n\t\t\n\t\t<figure class=\"wpb_wrapper vc_figure\">\n\t\t\t<div class=\"vc_single_image-wrapper   vc_box_border_grey\"><img loading=\"lazy\" decoding=\"async\" width=\"58\" height=\"46\" src=\"https:\/\/www.hifrance.org\/wp-content\/uploads\/2020\/08\/picto_citadine.svg\" class=\"vc_single_image-img attachment-full\" alt=\"\" title=\"picto_citadine\" \/><\/div>\n\t\t<\/figure>\n\t<\/div>\n\n\t<div class=\"wpb_text_column wpb_content_element\" >\n\t\t<div class=\"wpb_wrapper\">\n\t\t\t<p>In der Stadt<\/p>\n\n\t\t<\/div>\n\t<\/div>\n\n\t<div class=\"wpb_raw_code wpb_raw_html wpb_content_element\" >\n\t\t<div class=\"wpb_wrapper\">\n\t\t\t<a href=\"\/de\/nach-neid\/in-der-stadt\/\"><\/a>\n\t\t<\/div>\n\t<\/div>\n<\/div><\/div><\/div><div class=\"picto_bleu_col_img_texte_176px lien_englobant_cat wpb_column vc_column_container vc_col-sm-2\"><div class=\"vc_column-inner\"><div class=\"wpb_wrapper\"><picture class=\"ImgBG \" style=\"position: absolute; width: 100%; height:100%; top: 0; left:0; z-index: -2;\">\n    <img loading=\"lazy\" decoding=\"async\" width=\"200\" height=\"200\" src=\"https:\/\/www.hifrance.org\/wp-content\/uploads\/2020\/08\/visu_insolite-1.jpg\" class=\"attachment-full size-full\" alt=\"\" srcset=\"https:\/\/www.hifrance.org\/wp-content\/uploads\/2020\/08\/visu_insolite-1.jpg 200w, https:\/\/www.hifrance.org\/wp-content\/uploads\/2020\/08\/visu_insolite-1-150x150.jpg 150w\" sizes=\"auto, (max-width: 200px) 100vw, 200px\" \/><\/picture>\n\n\t<div  class=\"wpb_single_image wpb_content_element vc_align_center wpb_content_element\">\n\t\t\n\t\t<figure class=\"wpb_wrapper vc_figure\">\n\t\t\t<div class=\"vc_single_image-wrapper   vc_box_border_grey\"><img loading=\"lazy\" decoding=\"async\" width=\"61\" height=\"34\" src=\"https:\/\/www.hifrance.org\/wp-content\/uploads\/2020\/08\/picto_insolite.svg\" class=\"vc_single_image-img attachment-full\" alt=\"\" title=\"picto_insolite\" \/><\/div>\n\t\t<\/figure>\n\t<\/div>\n\n\t<div class=\"wpb_text_column wpb_content_element\" >\n\t\t<div class=\"wpb_wrapper\">\n\t\t\t<p>Ungew\u00f6hnlich<\/p>\n\n\t\t<\/div>\n\t<\/div>\n\n\t<div class=\"wpb_raw_code wpb_raw_html wpb_content_element\" >\n\t\t<div class=\"wpb_wrapper\">\n\t\t\t<a href=\"\/de\/nach-neid\/ungewohnlich\/\"><\/a>\n\t\t<\/div>\n\t<\/div>\n<\/div><\/div><\/div><div class=\"picto_bleu_col_img_texte_176px lien_englobant_cat wpb_column vc_column_container vc_col-sm-2\"><div class=\"vc_column-inner\"><div class=\"wpb_wrapper\"><picture class=\"ImgBG \" style=\"position: absolute; width: 100%; height:100%; top: 0; left:0; z-index: -2;\">\n    <img loading=\"lazy\" decoding=\"async\" width=\"200\" height=\"200\" src=\"https:\/\/www.hifrance.org\/wp-content\/uploads\/2020\/08\/visu_tourisme-durable.jpg\" class=\"attachment-full size-full\" alt=\"\" srcset=\"https:\/\/www.hifrance.org\/wp-content\/uploads\/2020\/08\/visu_tourisme-durable.jpg 200w, https:\/\/www.hifrance.org\/wp-content\/uploads\/2020\/08\/visu_tourisme-durable-150x150.jpg 150w\" sizes=\"auto, (max-width: 200px) 100vw, 200px\" \/><\/picture>\n\n\t<div  class=\"wpb_single_image wpb_content_element vc_align_center wpb_content_element\">\n\t\t\n\t\t<figure class=\"wpb_wrapper vc_figure\">\n\t\t\t<div class=\"vc_single_image-wrapper   vc_box_border_grey\"><img loading=\"lazy\" decoding=\"async\" width=\"52\" height=\"53\" src=\"https:\/\/www.hifrance.org\/wp-content\/uploads\/2020\/08\/picto_td.svg\" class=\"vc_single_image-img attachment-full\" alt=\"\" title=\"picto_td\" \/><\/div>\n\t\t<\/figure>\n\t<\/div>\n\n\t<div class=\"wpb_text_column wpb_content_element\" >\n\t\t<div class=\"wpb_wrapper\">\n\t\t\t<p>Nachhaltiger Tourismus<\/p>\n\n\t\t<\/div>\n\t<\/div>\n\n\t<div class=\"wpb_raw_code wpb_raw_html wpb_content_element\" >\n\t\t<div class=\"wpb_wrapper\">\n\t\t\t<a href=\"\/de\/nach-neid\/nachhaltiger-tourismus\/\"><\/a>\n\t\t<\/div>\n\t<\/div>\n<\/div><\/div><\/div><\/div><\/div>[\/vc_column][\/vc_row]<\/p>\n<\/div>","protected":false},"excerpt":{"rendered":"Entdecken Sie unsere Urlaubsangebote Angebote f\u00fcr Ihren Aufenthalt am Meer, in den Bergen, in der Natur oder in den gro\u00dfen St\u00e4dten Frankreichs. Profitieren Sie von unseren mit lokalen Partnern ausgehandelten Preisen und erleben Sie viele Aktivit\u00e4ten zum kleinen Preis. Ein Urlaub in einer Jugendherberge ist gesellig, herzlich und verantwortungsvoll! Finden Sie das aktuelle Angebot, das [...]","protected":false},"author":3,"featured_media":0,"parent":0,"menu_order":0,"comment_status":"closed","ping_status":"closed","template":"","meta":{"_acf_changed":false,"footnotes":""},"class_list":["post-134291","page","type-page","status-publish"],"acf":[],"yoast_head":"<!-- This site is optimized with the Yoast SEO plugin v27.1.1 - https:\/\/yoast.com\/product\/yoast-seo-wordpress\/ -->\n<title>Angebote f\u00fcr Aufenthalte | Hi France<\/title>\n<meta name=\"robots\" content=\"index, follow, max-snippet:-1, max-image-preview:large, max-video-preview:-1\" \/>\n<link rel=\"canonical\" href=\"https:\/\/www.hifrance.org\/de\/angebote-fur-aufenthalte\/\" \/>\n<meta property=\"og:locale\" content=\"de_DE\" \/>\n<meta property=\"og:type\" content=\"article\" \/>\n<meta property=\"og:title\" content=\"Angebote f\u00fcr Aufenthalte | Hi France\" \/>\n<meta property=\"og:url\" content=\"https:\/\/www.hifrance.org\/de\/angebote-fur-aufenthalte\/\" \/>\n<meta property=\"og:site_name\" content=\"Hi France\" \/>\n<meta property=\"article:modified_time\" content=\"2026-03-30T11:56:42+00:00\" \/>\n<meta name=\"twitter:card\" content=\"summary_large_image\" \/>\n<meta name=\"twitter:label1\" content=\"Gesch\u00e4tzte Lesezeit\" \/>\n\t<meta name=\"twitter:data1\" content=\"1\u00a0Minute\" \/>\n<script type=\"application\/ld+json\" class=\"yoast-schema-graph\">{\"@context\":\"https:\/\/schema.org\",\"@graph\":[{\"@type\":\"WebPage\",\"@id\":\"https:\/\/www.hifrance.org\/de\/angebote-fur-aufenthalte\/\",\"url\":\"https:\/\/www.hifrance.org\/de\/angebote-fur-aufenthalte\/\",\"name\":\"Angebote f\u00fcr Aufenthalte | Hi France\",\"isPartOf\":{\"@id\":\"https:\/\/www.hifrance.org\/de\/#website\"},\"datePublished\":\"2021-06-30T08:53:56+00:00\",\"dateModified\":\"2026-03-30T11:56:42+00:00\",\"inLanguage\":\"de\",\"potentialAction\":[{\"@type\":\"ReadAction\",\"target\":[\"https:\/\/www.hifrance.org\/de\/angebote-fur-aufenthalte\/\"]}]},{\"@type\":\"WebSite\",\"@id\":\"https:\/\/www.hifrance.org\/de\/#website\",\"url\":\"https:\/\/www.hifrance.org\/de\/\",\"name\":\"Hi France\",\"description\":\"\",\"potentialAction\":[{\"@type\":\"SearchAction\",\"target\":{\"@type\":\"EntryPoint\",\"urlTemplate\":\"https:\/\/www.hifrance.org\/de\/?s={search_term_string}\"},\"query-input\":{\"@type\":\"PropertyValueSpecification\",\"valueRequired\":true,\"valueName\":\"search_term_string\"}}],\"inLanguage\":\"de\"}]}<\/script>\n<!-- \/ Yoast SEO plugin. -->","yoast_head_json":{"title":"Angebote f\u00fcr Aufenthalte | Hi France","robots":{"index":"index","follow":"follow","max-snippet":"max-snippet:-1","max-image-preview":"max-image-preview:large","max-video-preview":"max-video-preview:-1"},"canonical":"https:\/\/www.hifrance.org\/de\/angebote-fur-aufenthalte\/","og_locale":"de_DE","og_type":"article","og_title":"Angebote f\u00fcr Aufenthalte | Hi France","og_url":"https:\/\/www.hifrance.org\/de\/angebote-fur-aufenthalte\/","og_site_name":"Hi France","article_modified_time":"2026-03-30T11:56:42+00:00","twitter_card":"summary_large_image","twitter_misc":{"Gesch\u00e4tzte Lesezeit":"1\u00a0Minute"},"schema":{"@context":"https:\/\/schema.org","@graph":[{"@type":"WebPage","@id":"https:\/\/www.hifrance.org\/de\/angebote-fur-aufenthalte\/","url":"https:\/\/www.hifrance.org\/de\/angebote-fur-aufenthalte\/","name":"Angebote f\u00fcr Aufenthalte | Hi France","isPartOf":{"@id":"https:\/\/www.hifrance.org\/de\/#website"},"datePublished":"2021-06-30T08:53:56+00:00","dateModified":"2026-03-30T11:56:42+00:00","inLanguage":"de","potentialAction":[{"@type":"ReadAction","target":["https:\/\/www.hifrance.org\/de\/angebote-fur-aufenthalte\/"]}]},{"@type":"WebSite","@id":"https:\/\/www.hifrance.org\/de\/#website","url":"https:\/\/www.hifrance.org\/de\/","name":"Hi France","description":"","potentialAction":[{"@type":"SearchAction","target":{"@type":"EntryPoint","urlTemplate":"https:\/\/www.hifrance.org\/de\/?s={search_term_string}"},"query-input":{"@type":"PropertyValueSpecification","valueRequired":true,"valueName":"search_term_string"}}],"inLanguage":"de"}]}},"_links":{"self":[{"href":"https:\/\/www.hifrance.org\/de\/wp-json\/wp\/v2\/pages\/134291","targetHints":{"allow":["GET"]}}],"collection":[{"href":"https:\/\/www.hifrance.org\/de\/wp-json\/wp\/v2\/pages"}],"about":[{"href":"https:\/\/www.hifrance.org\/de\/wp-json\/wp\/v2\/types\/page"}],"author":[{"embeddable":true,"href":"https:\/\/www.hifrance.org\/de\/wp-json\/wp\/v2\/users\/3"}],"replies":[{"embeddable":true,"href":"https:\/\/www.hifrance.org\/de\/wp-json\/wp\/v2\/comments?post=134291"}],"version-history":[{"count":7,"href":"https:\/\/www.hifrance.org\/de\/wp-json\/wp\/v2\/pages\/134291\/revisions"}],"predecessor-version":[{"id":192681,"href":"https:\/\/www.hifrance.org\/de\/wp-json\/wp\/v2\/pages\/134291\/revisions\/192681"}],"wp:attachment":[{"href":"https:\/\/www.hifrance.org\/de\/wp-json\/wp\/v2\/media?parent=134291"}],"curies":[{"name":"wp","href":"https:\/\/api.w.org\/{rel}","templated":true}]}}